{"id":11,"date":"2018-05-29T11:12:41","date_gmt":"2018-05-29T11:12:41","guid":{"rendered":"http:\/\/xtratheme.com\/default\/?page_id=11"},"modified":"2024-02-29T11:49:25","modified_gmt":"2024-02-29T11:49:25","slug":"services","status":"publish","type":"page","link":"https:\/\/atollcelik.com.tr\/index.php\/services\/","title":{"rendered":"Hizmetlerimiz"},"content":{"rendered":"\t\t<div data-elementor-type=\"wp-page\" data-elementor-id=\"11\" class=\"elementor elementor-11\">\n\t\t\t\t\t\t<section class=\"elementor-section elementor-top-section elementor-element elementor-element-f529392 elementor-section-boxed elementor-section-height-default elementor-section-height-default\" data-id=\"f529392\" data-element_type=\"section\">\n\t\t\t\t\t\t<div class=\"elementor-container elementor-column-gap-default\">\n\t\t\t\t\t<div class=\"elementor-column elementor-col-100 elementor-top-column elementor-element elementor-element-3930cfe\" data-id=\"3930cfe\" data-element_type=\"column\">\n\t\t\t<div class=\"elementor-widget-wrap elementor-element-populated\">\n\t\t\t\t\t\t<div class=\"elementor-element elementor-element-bb2fc2d elementor-widget elementor-widget-cz_title\" data-id=\"bb2fc2d\" data-element_type=\"widget\" data-widget_type=\"cz_title.default\">\n\t\t\t\t<div class=\"elementor-widget-container\">\n\t\t\t\t\r\n\t\t<div>\r\n\t\t\t<div class=\"cz_title clr cz_title_pos_inline tac\"><div class=\"cz_title_content\"><div class=\"cz_wpe_content\"><p style=\"text-align: center;\"><span style=\"color: #ff7700;\">H\u0130ZMETLER<\/span><\/p><h2 style=\"text-align: center;\">Ne Yap\u0131yoruz?<\/h2><\/div><\/div><\/div>\r\n\t\t<\/div>\r\n\t\t\r\n\t\t\t\t<\/div>\n\t\t\t\t<\/div>\n\t\t\t\t\t<\/div>\n\t\t<\/div>\n\t\t\t\t\t<\/div>\n\t\t<\/section>\n\t\t\t\t<section class=\"elementor-section elementor-top-section elementor-element elementor-element-dde190a elementor-section-boxed elementor-section-height-default elementor-section-height-default\" data-id=\"dde190a\" data-element_type=\"section\">\n\t\t\t\t\t\t<div class=\"elementor-container elementor-column-gap-default\">\n\t\t\t\t\t<div class=\"elementor-column elementor-col-33 elementor-top-column elementor-element elementor-element-4ea915c\" data-id=\"4ea915c\" data-element_type=\"column\">\n\t\t\t<div class=\"elementor-widget-wrap elementor-element-populated\">\n\t\t\t\t\t\t<div class=\"elementor-element elementor-element-ad87d7f elementor-widget elementor-widget-cz_service_box\" data-id=\"ad87d7f\" data-element_type=\"widget\" data-widget_type=\"cz_service_box.default\">\n\t\t\t\t<div class=\"elementor-widget-container\">\n\t\t\t<div class=\"services clr style11 cz_sbi_fx_8a services_b\"><div class=\"service_img\"><img decoding=\"async\" width=\"75\" height=\"75\" src=\"data:image\/svg+xml,%3Csvg%20xmlns%3D&#39;http%3A%2F%2Fwww.w3.org%2F2000%2Fsvg&#39;%20width=&#39;75&#39;%20height=&#39;75&#39;%20viewBox%3D&#39;0%200%2075%2075&#39;%2F%3E\" data-czlz data-src=\"https:\/\/atollcelik.com.tr\/wp-content\/uploads\/2019\/09\/i1.png\" class=\"attachment-large size-large wp-image-1273\" alt=\"\" \/><\/div><div class=\"service_text\"><h3>Fabrika Yap\u0131lar\u0131<\/h3><div class=\"cz_wpe_content\"><p>\u0130lk \u00f6nceleri genel olarak spor tesislerinin yap\u0131 sisteminde kullan\u0131l\u0131rken daha sonralar\u0131 t\u00fcm fabrika yap\u0131mlar\u0131nda kullan\u0131lmaya ba\u015flanan \u00e7elik konstr\u00fcksiyon, hem sa\u011flaml\u0131k hem vakit tasarrufu hemde pratiklik ve maliyet gibi konularda bu tercihi hakl\u0131 k\u0131l\u0131yor.<\/p><\/div><\/div><\/div>\t\t<\/div>\n\t\t\t\t<\/div>\n\t\t\t\t\t<\/div>\n\t\t<\/div>\n\t\t\t\t<div class=\"elementor-column elementor-col-33 elementor-top-column elementor-element elementor-element-3c45c41\" data-id=\"3c45c41\" data-element_type=\"column\">\n\t\t\t<div class=\"elementor-widget-wrap elementor-element-populated\">\n\t\t\t\t\t\t<div class=\"elementor-element elementor-element-237d16b elementor-widget elementor-widget-cz_service_box\" data-id=\"237d16b\" data-element_type=\"widget\" data-widget_type=\"cz_service_box.default\">\n\t\t\t\t<div class=\"elementor-widget-container\">\n\t\t\t<div class=\"services clr style11 cz_sbi_fx_8a services_b\"><div class=\"service_img\"><img decoding=\"async\" width=\"75\" height=\"75\" src=\"data:image\/svg+xml,%3Csvg%20xmlns%3D&#39;http%3A%2F%2Fwww.w3.org%2F2000%2Fsvg&#39;%20width=&#39;75&#39;%20height=&#39;75&#39;%20viewBox%3D&#39;0%200%2075%2075&#39;%2F%3E\" data-czlz data-src=\"https:\/\/atollcelik.com.tr\/wp-content\/uploads\/2019\/09\/i2.png\" class=\"attachment-large size-large wp-image-1274\" alt=\"\" \/><\/div><div class=\"service_text\"><h3>\u00c7elik Yap\u0131lar<\/h3><div class=\"cz_wpe_content\"><p>\u00c7elik yap\u0131 malzemeleri metalin g\u00fcc\u00fc ve de yap\u0131s\u0131 gere\u011fi di\u011fer malzemelerle kar\u015f\u0131la\u015ft\u0131r\u0131ld\u0131\u011f\u0131nda g\u00f6z ard\u0131 edilemeyecek derecede dayan\u0131kl\u0131d\u0131r. Bu dayan\u0131kl\u0131l\u0131k dolay\u0131s\u0131yla \u00e7elik konstr\u00fcksiyon yap\u0131 \u00f6mr\u00fc di\u011fer yap\u0131lara oranla kat kat daha uzundur.<\/p><\/div><\/div><\/div>\t\t<\/div>\n\t\t\t\t<\/div>\n\t\t\t\t\t<\/div>\n\t\t<\/div>\n\t\t\t\t<div class=\"elementor-column elementor-col-33 elementor-top-column elementor-element elementor-element-8dcb36e\" data-id=\"8dcb36e\" data-element_type=\"column\">\n\t\t\t<div class=\"elementor-widget-wrap elementor-element-populated\">\n\t\t\t\t\t\t<div class=\"elementor-element elementor-element-5603e6e elementor-widget elementor-widget-cz_service_box\" data-id=\"5603e6e\" data-element_type=\"widget\" data-widget_type=\"cz_service_box.default\">\n\t\t\t\t<div class=\"elementor-widget-container\">\n\t\t\t<div class=\"services clr style11 cz_sbi_fx_8a services_b\"><div class=\"service_img\"><img decoding=\"async\" width=\"75\" height=\"75\" src=\"data:image\/svg+xml,%3Csvg%20xmlns%3D&#39;http%3A%2F%2Fwww.w3.org%2F2000%2Fsvg&#39;%20width=&#39;75&#39;%20height=&#39;75&#39;%20viewBox%3D&#39;0%200%2075%2075&#39;%2F%3E\" data-czlz data-src=\"https:\/\/atollcelik.com.tr\/wp-content\/uploads\/2019\/09\/i3.png\" class=\"attachment-large size-large wp-image-1275\" alt=\"\" \/><\/div><div class=\"service_text\"><h3>\u00c7elik Evler<\/h3><div class=\"cz_wpe_content\"><p>\u00c7eli\u011fin sundu\u011fu tasar\u0131m avantaj\u0131, klasik hantal betonarme konutlara g\u00f6re olan farkl\u0131l\u0131\u011f\u0131, uygulama kolayl\u0131\u011f\u0131 \u00e7elik konstr\u00fcksiyon ev kavram\u0131n\u0131 \u00f6ne \u00e7\u0131kar\u0131yor.<\/p><ul><li>Depreme kar\u015f\u0131 dayan\u0131kl\u0131d\u0131r.<\/li><li>Tasar\u0131m kolayl\u0131\u011f\u0131 sa\u011flar.<\/li><li>Pratik uygulama kolayl\u0131\u011f\u0131 sa\u011flar.<\/li><\/ul><\/div><\/div><\/div>\t\t<\/div>\n\t\t\t\t<\/div>\n\t\t\t\t\t<\/div>\n\t\t<\/div>\n\t\t\t\t\t<\/div>\n\t\t<\/section>\n\t\t\t\t<section class=\"elementor-section elementor-top-section elementor-element elementor-element-d5b392c elementor-section-boxed elementor-section-height-default elementor-section-height-default\" data-id=\"d5b392c\" data-element_type=\"section\">\n\t\t\t\t\t\t<div class=\"elementor-container elementor-column-gap-default\">\n\t\t\t\t\t<div class=\"elementor-column elementor-col-33 elementor-top-column elementor-element elementor-element-43f88c2\" data-id=\"43f88c2\" data-element_type=\"column\">\n\t\t\t<div class=\"elementor-widget-wrap elementor-element-populated\">\n\t\t\t\t\t\t<div class=\"elementor-element elementor-element-90078fb elementor-widget elementor-widget-cz_service_box\" data-id=\"90078fb\" data-element_type=\"widget\" data-widget_type=\"cz_service_box.default\">\n\t\t\t\t<div class=\"elementor-widget-container\">\n\t\t\t<div class=\"services clr style11 cz_sbi_fx_8a services_b\"><div class=\"service_img\"><img loading=\"lazy\" decoding=\"async\" width=\"75\" height=\"75\" src=\"data:image\/svg+xml,%3Csvg%20xmlns%3D&#39;http%3A%2F%2Fwww.w3.org%2F2000%2Fsvg&#39;%20width=&#39;75&#39;%20height=&#39;75&#39;%20viewBox%3D&#39;0%200%2075%2075&#39;%2F%3E\" data-czlz data-src=\"https:\/\/atollcelik.com.tr\/wp-content\/uploads\/2019\/09\/i4.png\" class=\"attachment-large size-large wp-image-1276\" alt=\"\" \/><\/div><div class=\"service_text\"><h3>\u00c7elik Merdivenler<\/h3><div class=\"cz_wpe_content\"><p>Tasar\u0131m ve \u0130malat\u0131n \u00e7ok \u00f6nemli oldu\u011fu merdiven imalatlar\u0131n\u0131z titizlikle yap\u0131l\u0131r.<\/p><\/div><\/div><\/div>\t\t<\/div>\n\t\t\t\t<\/div>\n\t\t\t\t\t<\/div>\n\t\t<\/div>\n\t\t\t\t<div class=\"elementor-column elementor-col-33 elementor-top-column elementor-element elementor-element-5989c61\" data-id=\"5989c61\" data-element_type=\"column\">\n\t\t\t<div class=\"elementor-widget-wrap elementor-element-populated\">\n\t\t\t\t\t\t<div class=\"elementor-element elementor-element-0198bdd elementor-widget elementor-widget-cz_service_box\" data-id=\"0198bdd\" data-element_type=\"widget\" data-widget_type=\"cz_service_box.default\">\n\t\t\t\t<div class=\"elementor-widget-container\">\n\t\t\t<div class=\"services clr style11 cz_sbi_fx_8a services_b\"><div class=\"service_img\"><img loading=\"lazy\" decoding=\"async\" width=\"75\" height=\"75\" src=\"data:image\/svg+xml,%3Csvg%20xmlns%3D&#39;http%3A%2F%2Fwww.w3.org%2F2000%2Fsvg&#39;%20width=&#39;75&#39;%20height=&#39;75&#39;%20viewBox%3D&#39;0%200%2075%2075&#39;%2F%3E\" data-czlz data-src=\"https:\/\/atollcelik.com.tr\/wp-content\/uploads\/2019\/09\/i5.png\" class=\"attachment-large size-large wp-image-1277\" alt=\"\" \/><\/div><div class=\"service_text\"><h3>\u00c7elik Ekipmanlar<\/h3><div class=\"cz_wpe_content\"><p>\u0130htiyac\u0131n\u0131z olan \u00e7e\u015fitli \u00e7elik ekipmanlar uzman personelimiz taraf\u0131ndan imal edilir.<\/p><\/div><\/div><\/div>\t\t<\/div>\n\t\t\t\t<\/div>\n\t\t\t\t\t<\/div>\n\t\t<\/div>\n\t\t\t\t<div class=\"elementor-column elementor-col-33 elementor-top-column elementor-element elementor-element-9aa4e38\" data-id=\"9aa4e38\" data-element_type=\"column\">\n\t\t\t<div class=\"elementor-widget-wrap elementor-element-populated\">\n\t\t\t\t\t\t<div class=\"elementor-element elementor-element-8c2959d elementor-widget elementor-widget-cz_service_box\" data-id=\"8c2959d\" data-element_type=\"widget\" data-widget_type=\"cz_service_box.default\">\n\t\t\t\t<div class=\"elementor-widget-container\">\n\t\t\t<div class=\"services clr style11 cz_sbi_fx_8a services_b\"><div class=\"service_img\"><img loading=\"lazy\" decoding=\"async\" width=\"75\" height=\"75\" src=\"data:image\/svg+xml,%3Csvg%20xmlns%3D&#39;http%3A%2F%2Fwww.w3.org%2F2000%2Fsvg&#39;%20width=&#39;75&#39;%20height=&#39;75&#39;%20viewBox%3D&#39;0%200%2075%2075&#39;%2F%3E\" data-czlz data-src=\"https:\/\/atollcelik.com.tr\/wp-content\/uploads\/2019\/09\/i6.png\" class=\"attachment-large size-large wp-image-1278\" alt=\"\" \/><\/div><div class=\"service_text\"><h3>\u00dcr\u00fcn Tasar\u0131mlar\u0131<\/h3><div class=\"cz_wpe_content\"><p>\u0130htiya\u00e7lar\u0131n\u0131za uygun olan \u00e7e\u015fitli \u00fcr\u00fcnlerinizin tasar\u0131mlar\u0131 ve imalatlar\u0131 uzman ekibimiz taraf\u0131ndan hayata ge\u00e7irilir.<\/p><\/div><\/div><\/div>\t\t<\/div>\n\t\t\t\t<\/div>\n\t\t\t\t\t<\/div>\n\t\t<\/div>\n\t\t\t\t\t<\/div>\n\t\t<\/section>\n\t\t\t\t<section class=\"elementor-section elementor-top-section elementor-element elementor-element-93a3208 elementor-section-stretched elementor-section-boxed elementor-section-height-default elementor-section-height-default\" data-id=\"93a3208\" data-element_type=\"section\" data-settings=\"{&quot;stretch_section&quot;:&quot;section-stretched&quot;,&quot;background_background&quot;:&quot;classic&quot;}\">\n\t\t\t\t\t\t<div class=\"elementor-container elementor-column-gap-default\">\n\t\t\t\t\t<div class=\"elementor-column elementor-col-100 elementor-top-column elementor-element elementor-element-85b4aa9\" data-id=\"85b4aa9\" data-element_type=\"column\">\n\t\t\t<div class=\"elementor-widget-wrap elementor-element-populated\">\n\t\t\t\t\t\t<div class=\"elementor-element elementor-element-b67b663 elementor-widget elementor-widget-cz_title\" data-id=\"b67b663\" data-element_type=\"widget\" data-widget_type=\"cz_title.default\">\n\t\t\t\t<div class=\"elementor-widget-container\">\n\t\t\t\t\r\n\t\t<div>\r\n\t\t\t<div class=\"cz_title clr cz_title_pos_inline tac\"><div class=\"cz_title_content\"><div class=\"cz_wpe_content\"><p style=\"text-align: center;\"><span style=\"color: #ff7700;\">\u00dcCRETS\u0130Z DANI\u015eMANLIK<\/span><\/p><h2 style=\"text-align: center;\"><span style=\"color: #ffffff;\">Sormak \u0130stedi\u011finiz Bir \u015eey Var M\u0131?<\/span><\/h2><\/div><\/div><\/div>\r\n\t\t<\/div>\r\n\t\t\r\n\t\t\t\t<\/div>\n\t\t\t\t<\/div>\n\t\t\t\t\t<\/div>\n\t\t<\/div>\n\t\t\t\t\t<\/div>\n\t\t<\/section>\n\t\t\t\t<section class=\"elementor-section elementor-top-section elementor-element elementor-element-b8a0e19 elementor-section-content-middle elementor-section-boxed elementor-section-height-default elementor-section-height-default\" data-id=\"b8a0e19\" data-element_type=\"section\">\n\t\t\t\t\t\t<div class=\"elementor-container elementor-column-gap-default\">\n\t\t\t\t\t<div class=\"elementor-column elementor-col-50 elementor-top-column elementor-element elementor-element-810a4ce\" data-id=\"810a4ce\" data-element_type=\"column\" data-settings=\"{&quot;background_background&quot;:&quot;classic&quot;}\">\n\t\t\t<div class=\"elementor-widget-wrap elementor-element-populated\">\n\t\t\t\t\t\t<div class=\"elementor-element elementor-element-1dc6dcc elementor-widget elementor-widget-cz_title\" data-id=\"1dc6dcc\" data-element_type=\"widget\" data-widget_type=\"cz_title.default\">\n\t\t\t\t<div class=\"elementor-widget-container\">\n\t\t\t\t\r\n\t\t<div>\r\n\t\t\t<div class=\"cz_title clr cz_smart_fs cz_title_pos_inline tac\"><div class=\"cz_title_content\"><div class=\"cz_wpe_content\"><div style=\"text-align: center; line-height: 1.3;\"><span style=\"color: #ffffff;\">\u00dcCRETS\u0130Z F\u0130YAT ALIN<\/span><\/div><\/div><\/div><\/div>\r\n\t\t<\/div>\r\n\t\t\r\n\t\t\t\t<\/div>\n\t\t\t\t<\/div>\n\t\t\t\t<div class=\"elementor-element elementor-element-c4cdd4f elementor-widget elementor-widget-cz_gap\" data-id=\"c4cdd4f\" data-element_type=\"widget\" data-widget_type=\"cz_gap.default\">\n\t\t\t\t<div class=\"elementor-widget-container\">\n\t\t\t<div class=\"cz_gap clr\"><\/div>\t\t<\/div>\n\t\t\t\t<\/div>\n\t\t\t\t<div class=\"elementor-element elementor-element-987b8e1 elementor-widget elementor-widget-cz_title\" data-id=\"987b8e1\" data-element_type=\"widget\" data-widget_type=\"cz_title.default\">\n\t\t\t\t<div class=\"elementor-widget-container\">\n\t\t\t\t\r\n\t\t<div>\r\n\t\t\t<div class=\"cz_title clr cz_smart_fs cz_mobile_text_center cz_title_pos_inline tac\"><div class=\"cz_title_content\"><div class=\"cz_wpe_content\"><h2 style=\"text-align: center; line-height: 1.2;\"><span style=\"color: #ff7700;\"><span style=\"font-size: 42px;\">DANI\u015eMANLIK<\/span><\/span><\/h2><h2 style=\"text-align: center; line-height: 1.2;\"><span style=\"color: #ff7700;\"><span style=\"font-size: 42px;\"> \u0130HT\u0130YACINIZ MI VAR?<\/span><\/span><\/h2><\/div><\/div><\/div>\r\n\t\t<\/div>\r\n\t\t\r\n\t\t\t\t<\/div>\n\t\t\t\t<\/div>\n\t\t\t\t<div class=\"elementor-element elementor-element-9024898 elementor-widget elementor-widget-cz_gap\" data-id=\"9024898\" data-element_type=\"widget\" data-widget_type=\"cz_gap.default\">\n\t\t\t\t<div class=\"elementor-widget-container\">\n\t\t\t<div class=\"cz_gap clr\"><\/div>\t\t<\/div>\n\t\t\t\t<\/div>\n\t\t\t\t<div class=\"elementor-element elementor-element-4907483 elementor-widget elementor-widget-cz_title\" data-id=\"4907483\" data-element_type=\"widget\" data-widget_type=\"cz_title.default\">\n\t\t\t\t<div class=\"elementor-widget-container\">\n\t\t\t\t\r\n\t\t<div>\r\n\t\t\t<div class=\"cz_title clr cz_title_pos_inline tac\"><div class=\"cz_title_content\"><div class=\"cz_wpe_content\"><p style=\"text-align: center;\"><span style=\"color: #ffffff;\"><span style=\"font-size: 20px;\">Bizimle ileti\u015fime ge\u00e7mekten \u00e7ekinmeyin ve sorunuzu sorun, tamamen \u00fccretsizdir.<\/span><\/span><\/p><\/div><\/div><\/div>\r\n\t\t<\/div>\r\n\t\t\r\n\t\t\t\t<\/div>\n\t\t\t\t<\/div>\n\t\t\t\t\t<\/div>\n\t\t<\/div>\n\t\t\t\t<div class=\"elementor-column elementor-col-50 elementor-top-column elementor-element elementor-element-ff0b54d\" data-id=\"ff0b54d\" data-element_type=\"column\" data-settings=\"{&quot;background_background&quot;:&quot;classic&quot;}\">\n\t\t\t<div class=\"elementor-widget-wrap elementor-element-populated\">\n\t\t\t\t\t\t\t<\/div>\n\t\t<\/div>\n\t\t\t\t\t<\/div>\n\t\t<\/section>\n\t\t\t\t<section class=\"elementor-section elementor-top-section elementor-element elementor-element-05972eb elementor-section-boxed elementor-section-height-default elementor-section-height-default\" data-id=\"05972eb\" data-element_type=\"section\">\n\t\t\t\t\t\t<div class=\"elementor-container elementor-column-gap-default\">\n\t\t\t\t\t<div class=\"elementor-column elementor-col-66 elementor-top-column elementor-element elementor-element-411385c\" data-id=\"411385c\" data-element_type=\"column\">\n\t\t\t<div class=\"elementor-widget-wrap elementor-element-populated\">\n\t\t\t\t\t\t<div class=\"elementor-element elementor-element-62bfaea elementor-widget elementor-widget-cz_title\" data-id=\"62bfaea\" data-element_type=\"widget\" data-widget_type=\"cz_title.default\">\n\t\t\t\t<div class=\"elementor-widget-container\">\n\t\t\t\t\r\n\t\t<div>\r\n\t\t\t<div class=\"cz_title clr cz_mobile_text_center cz_title_pos_inline\"><div class=\"cz_title_content\"><div class=\"cz_wpe_content\"><p><span style=\"color: #ff7700;\">SON PROJELER<\/span><\/p><h2>\u00d6ne \u00c7\u0131kan Projelerden Baz\u0131lar\u0131<\/h2><\/div><\/div><\/div>\r\n\t\t<\/div>\r\n\t\t\r\n\t\t\t\t<\/div>\n\t\t\t\t<\/div>\n\t\t\t\t\t<\/div>\n\t\t<\/div>\n\t\t\t\t<div class=\"elementor-column elementor-col-33 elementor-top-column elementor-element elementor-element-77841aa\" data-id=\"77841aa\" data-element_type=\"column\">\n\t\t\t<div class=\"elementor-widget-wrap elementor-element-populated\">\n\t\t\t\t\t\t<div class=\"elementor-element elementor-element-cbedc58 elementor-widget elementor-widget-cz_button\" data-id=\"cbedc58\" data-element_type=\"widget\" data-widget_type=\"cz_button.default\">\n\t\t\t\t<div class=\"elementor-widget-container\">\n\t\t\t\t\t<div class=\"cz_btn_right cz_mobile_btn_center\">\r\n\t\t\t<div>\r\n\t\t\t\t<a href=\"https:\/\/atollcelik.com.tr\/projects\/\" class=\"cz_btn cz_btn_txt_no_fx cz_btn_fill_right\">\r\n\r\n\t\t\t\t\t<span>\t\t\t\t\t\t<strong>PROJELER\t\t\t\t\t\t\t\t\t\t\t\t\t<\/strong>\r\n\t\t\t\t\t\t\t\t\t\t\t<\/span>\r\n\r\n\t\t\t\t\t<b class=\"cz_btn_onhover\">\r\n\t\t\t\t\t\t\t\t\t\t\t\t<strong>\r\n\t\t\t\t\t\t\tPROJELER\t\t\t\t\t\t\t\t\t\t\t\t\t<\/strong>\r\n\t\t\t\t\t\t\t\t\t\t\t<\/b>\r\n\r\n\t\t\t\t<\/a>\r\n\t\t\t<\/div>\r\n\t\t<\/div> <div class=\"clr\"><\/div>\t\t\t\t<\/div>\n\t\t\t\t<\/div>\n\t\t\t\t\t<\/div>\n\t\t<\/div>\n\t\t\t\t\t<\/div>\n\t\t<\/section>\n\t\t\t\t<section class=\"elementor-section elementor-top-section elementor-element elementor-element-d911357 elementor-section-stretched elementor-section-boxed elementor-section-height-default elementor-section-height-default\" data-id=\"d911357\" data-element_type=\"section\" data-settings=\"{&quot;stretch_section&quot;:&quot;section-stretched&quot;}\">\n\t\t\t\t\t\t<div class=\"elementor-container elementor-column-gap-default\">\n\t\t\t\t\t<div class=\"elementor-column elementor-col-100 elementor-top-column elementor-element elementor-element-fa4775a\" data-id=\"fa4775a\" data-element_type=\"column\">\n\t\t\t<div class=\"elementor-widget-wrap elementor-element-populated\">\n\t\t\t\t\t\t<div class=\"elementor-element elementor-element-913cbd3 elementor-widget elementor-widget-cz_posts\" data-id=\"913cbd3\" data-element_type=\"widget\" data-widget_type=\"cz_posts.default\">\n\t\t\t\t<div class=\"elementor-widget-container\">\n\t\t\t<div class=\"slick no_arrows dots_bc dots_square\" data-slick='{\"selector\":null,\"slidesToShow\":4,\"slidesToScroll\":1,\"rows\":1,\"fade\":false,\"vertical\":false,\"verticalSwiping\":false,\"infinite\":false,\"speed\":1000,\"swipeToSlide\":true,\"centerMode\":false,\"centerPadding\":{\"unit\":\"px\",\"size\":10,\"sizes\":[]},\"variableWidth\":false,\"autoplay\":false,\"autoplaySpeed\":4000,\"dots\":true,\"counts\":false,\"adaptiveHeight\":false,\"responsive\":[{\"breakpoint\":769,\"settings\":{\"slidesToShow\":2,\"slidesToScroll\":2,\"touchMove\":true}},{\"breakpoint\":481,\"settings\":{\"slidesToShow\":1,\"slidesToScroll\":2,\"touchMove\":true}}]}' data-slick-prev=\"fa fa-chevron-left\" data-slick-next=\"fa fa-chevron-right\"><div class=\"cz_grid_p\"><div class=\"cz_grid cz_grid_1 clr cz_grid_carousel cz_grid_1_no_icon cz_grid_1_bot tal cz_grid_overlay_15px\" data-gap=\"40\" data-atts='{\"action\":\"cz_ajax_elementor_posts\",\"post_class\":\"cz_grid_item\",\"post__in\":null,\"author__in\":null,\"nonce\":\"4a7434c94d\",\"nonce_id\":\"posts\",\"loadmore_end\":null,\"layout\":\"cz_grid_carousel\",\"hover\":\"cz_grid_1_no_icon\",\"subtitles\":[{\"t\":\"cats\",\"_id\":\"16123f7\",\"r\":\"\",\"i\":{\"value\":\"\",\"library\":\"\"},\"p\":\"\",\"ct\":null,\"cm\":null,\"tc\":null}],\"subtitle_pos\":\"\",\"icon\":{\"value\":\"fa fa-search\",\"library\":\"fa-solid\"},\"el\":\"\",\"title_lenght\":\"\",\"cat_tax\":\"category\",\"cat\":\"\",\"cat_exclude\":\"\",\"tag_tax\":\"post_tag\",\"tag_id\":\"\",\"tag_exclude\":\"\",\"post_type\":\"portfolio\",\"posts_per_page\":\"6\",\"order\":\"DESC\",\"orderby\":\"date\",\"tilt_data\":null,\"img_fx\":\"\",\"custom_size\":\"\",\"excerpt_rm\":\"\",\"s\":\"\"}'><div class=\"cz_grid_item cz_grid_first\"><\/div><div data-id=\"2432\" class=\"cz_grid_item  cz_posts_list_even post-2432 portfolio type-portfolio status-publish format-standard has-post-thumbnail hentry\"><div class=\"clr\"><a class=\"cz_grid_link\" href=\"https:\/\/atollcelik.com.tr\/index.php\/projects\/diger-projeler\/\" title=\"Proje Resimleri\"><img loading=\"lazy\" decoding=\"async\" width=\"500\" height=\"376\" src=\"data:image\/svg+xml,%3Csvg%20xmlns%3D&#39;http%3A%2F%2Fwww.w3.org%2F2000%2Fsvg&#39;%20width=&#39;500&#39;%20height=&#39;376&#39;%20viewBox%3D&#39;0%200%20500%20376&#39;%2F%3E\" data-czlz data-src=\"https:\/\/atollcelik.com.tr\/wp-content\/uploads\/2018\/06\/WhatsApp-Image-2024-02-27-at-16.49.34-1.jpeg\" class=\"attachment-full size-full wp-image-2285\" alt=\"\" data-srcset=\"https:\/\/atollcelik.com.tr\/wp-content\/uploads\/2018\/06\/WhatsApp-Image-2024-02-27-at-16.49.34-1.jpeg 500w, https:\/\/atollcelik.com.tr\/wp-content\/uploads\/2018\/06\/WhatsApp-Image-2024-02-27-at-16.49.34-1-300x226.jpeg 300w\" data-sizes=\"(max-width: 500px) 100vw, 500px\" \/><div class=\"cz_grid_details\"><i class=\"fa fa-search cz_grid_icon\"><\/i><h3>Proje Resimleri<\/h3><\/div><\/a><\/div><\/div><\/div><\/div><\/div>\t\t<\/div>\n\t\t\t\t<\/div>\n\t\t\t\t\t<\/div>\n\t\t<\/div>\n\t\t\t\t\t<\/div>\n\t\t<\/section>\n\t\t\t\t<\/div>\n\t\t","protected":false},"excerpt":{"rendered":"<p>H\u0130ZMETLER Ne Yap\u0131yoruz? Fabrika Yap\u0131lar\u0131 \u0130lk \u00f6nceleri genel olarak spor tesislerinin yap\u0131 sisteminde kullan\u0131l\u0131rken daha sonralar\u0131 t\u00fcm fabrika yap\u0131mlar\u0131nda kullan\u0131lmaya &#8230; <\/p>\n","protected":false},"author":1,"featured_media":0,"parent":0,"menu_order":0,"comment_status":"closed","ping_status":"closed","template":"","meta":{"footnotes":""},"class_list":["post-11","page","type-page","status-publish","hentry"],"_links":{"self":[{"href":"https:\/\/atollcelik.com.tr\/index.php\/wp-json\/wp\/v2\/pages\/11","targetHints":{"allow":["GET"]}}],"collection":[{"href":"https:\/\/atollcelik.com.tr\/index.php\/wp-json\/wp\/v2\/pages"}],"about":[{"href":"https:\/\/atollcelik.com.tr\/index.php\/wp-json\/wp\/v2\/types\/page"}],"author":[{"embeddable":true,"href":"https:\/\/atollcelik.com.tr\/index.php\/wp-json\/wp\/v2\/users\/1"}],"replies":[{"embeddable":true,"href":"https:\/\/atollcelik.com.tr\/index.php\/wp-json\/wp\/v2\/comments?post=11"}],"version-history":[{"count":53,"href":"https:\/\/atollcelik.com.tr\/index.php\/wp-json\/wp\/v2\/pages\/11\/revisions"}],"predecessor-version":[{"id":2396,"href":"https:\/\/atollcelik.com.tr\/index.php\/wp-json\/wp\/v2\/pages\/11\/revisions\/2396"}],"wp:attachment":[{"href":"https:\/\/atollcelik.com.tr\/index.php\/wp-json\/wp\/v2\/media?parent=11"}],"curies":[{"name":"wp","href":"https:\/\/api.w.org\/{rel}","templated":true}]}}